{"id":235,"date":"2023-02-23T09:23:43","date_gmt":"2023-02-23T08:23:43","guid":{"rendered":"https:\/\/zk-systems.fr\/?page_id=235"},"modified":"2025-06-16T20:48:45","modified_gmt":"2025-06-16T18:48:45","slug":"savoir-faire","status":"publish","type":"page","link":"https:\/\/zk-systems.fr\/index.php\/savoir-faire\/","title":{"rendered":"Savoir faire"},"content":{"rendered":"\n\t<section class=\"section has-parallax\" id=\"section_1770924421\">\n\t\t<div class=\"bg section-bg fill bg-fill  \" data-parallax-container=\".section\" data-parallax-background data-parallax=\"-7\">\n\n\t\t\t\n\t\t\t<div class=\"section-bg-overlay absolute fill\"><\/div>\n\t\t\t\n\n\t\t<\/div>\n\n\t\t\n\n\t\t<div class=\"section-content relative\">\n\t\t\t\n\n<div class=\"row\"  id=\"row-84656990\">\n\n\n\t<div id=\"col-1306758333\" class=\"col small-12 large-12\"  >\n\t\t\t\t<div class=\"col-inner\"  >\n\t\t\t\n\t\t\t\n\n\t<div id=\"text-2054511053\" class=\"text\">\n\t\t\n\n<h1 class=\"uppercase\"><span style=\"font-size: 160%;\">Nos Savoir-faire<\/span><\/h1>\n\t\t\n<style>\n#text-2054511053 {\n  font-size: 2rem;\n  text-align: center;\n  color: rgb(255,255,255);\n}\n#text-2054511053 > * {\n  color: rgb(255,255,255);\n}\n<\/style>\n\t<\/div>\n\t\n\n\t\t<\/div>\n\t\t\t\t\t<\/div>\n\n\t\n\n<\/div>\n\n\t\t<\/div>\n\n\t\t\n<style>\n#section_1770924421 {\n  padding-top: 30px;\n  padding-bottom: 30px;\n  min-height: 350px;\n}\n#section_1770924421 .section-bg-overlay {\n  background-color: rgba(0, 0, 0, 0.273);\n}\n#section_1770924421 .section-bg.bg-loaded {\n  background-image: url(https:\/\/zk-systems.fr\/wp-content\/uploads\/2023\/09\/DSC_0022-retouchee-scaled.jpg);\n}\n#section_1770924421 .section-bg {\n  background-position: 48% 63%;\n}\n@media (min-width:550px) {\n  #section_1770924421 {\n    min-height: 450px;\n  }\n}\n@media (min-width:850px) {\n  #section_1770924421 {\n    min-height: 500px;\n  }\n}\n<\/style>\n\t<\/section>\n\t\n\t<section class=\"section\" id=\"section_503183635\">\n\t\t<div class=\"bg section-bg fill bg-fill  bg-loaded\" >\n\n\t\t\t\n\t\t\t\n\t\t\t\n\n\t\t<\/div>\n\n\t\t\n\n\t\t<div class=\"section-content relative\">\n\t\t\t\n\n<div class=\"row align-center\"  id=\"row-386255031\">\n\n\n\t<div id=\"col-404621098\" class=\"col medium-11 small-12 large-10\"  >\n\t\t\t\t<div class=\"col-inner\"  >\n\t\t\t\n\t\t\t\n\n\t<div id=\"gap-252378027\" class=\"gap-element clearfix\" style=\"display:block; height:auto;\">\n\t\t\n<style>\n#gap-252378027 {\n  padding-top: 50px;\n}\n<\/style>\n\t<\/div>\n\t\n\n<h2 data-pm-slice=\"1 1 &#091;&#093;\">Une approche globale, de la conception \u00e0 la maintenance<\/h2>\n<p>Chez ZK-SYSTEMS, notre m\u00e9thode repose sur une logique projet compl\u00e8te : de la phase de conception \u00e0 la maintenance, nous accompagnons nos clients avec des solutions con\u00e7ues pour r\u00e9pondre \u00e0 des besoins r\u00e9els, test\u00e9es en conditions, suivies apr\u00e8s d\u00e9ploiement et maintenues dans le temps.<br \/>Chaque savoir-faire correspond \u00e0 une \u00e9tape cl\u00e9, assurant la fiabilit\u00e9 et la p\u00e9rennit\u00e9 des \u00e9quipements livr\u00e9s.<\/p>\n\t<div id=\"gap-1963434994\" class=\"gap-element clearfix\" style=\"display:block; height:auto;\">\n\t\t\n<style>\n#gap-1963434994 {\n  padding-top: 25px;\n}\n<\/style>\n\t<\/div>\n\t\n\n<div class=\"row\"  id=\"row-1818954654\">\n\n\n\t<div id=\"col-1496790822\" class=\"col medium-4 small-12 large-4\"  >\n\t\t\t\t<div class=\"col-inner\"  >\n\t\t\t\n\t\t\t\n\n\t<div class=\"box has-hover   has-hover box-text-bottom\" >\n\n\t\t<div class=\"box-image\" >\n\t\t\t<a href=\"https:\/\/zk-systems.fr\/index.php\/savoir-faire\/conception\/\" >\t\t\t<div class=\"image-cover\" style=\"padding-top:100%;\">\n\t\t\t\t<img loading=\"lazy\" decoding=\"async\" width=\"1024\" height=\"1536\" src=\"https:\/\/zk-systems.fr\/wp-content\/uploads\/2025\/05\/Conception-portrait-1-retouchee.jpg\" class=\"attachment- size-\" alt=\"Ing\u00e9nieur en conception industrielle mod\u00e9lisant un conteneur technique ZK-Systems sur SolidWorks, double \u00e9cran avec vue d\u00e9taill\u00e9e\" srcset=\"https:\/\/zk-systems.fr\/wp-content\/uploads\/2025\/05\/Conception-portrait-1-retouchee.jpg 1024w, https:\/\/zk-systems.fr\/wp-content\/uploads\/2025\/05\/Conception-portrait-1-retouchee-200x300.jpg 200w, https:\/\/zk-systems.fr\/wp-content\/uploads\/2025\/05\/Conception-portrait-1-retouchee-683x1024.jpg 683w, https:\/\/zk-systems.fr\/wp-content\/uploads\/2025\/05\/Conception-portrait-1-retouchee-768x1152.jpg 768w\" sizes=\"auto, (max-width: 1024px) 100vw, 1024px\" \/>\t\t\t\t\t\t\t\t\t\t\t<\/div>\n\t\t\t<\/a>\t\t<\/div>\n\n\t\t<div class=\"box-text text-center\" >\n\t\t\t<div class=\"box-text-inner\">\n\t\t\t\t\n\n<h3>Conception<\/h3>\n\n\t\t\t<\/div>\n\t\t<\/div>\n\t<\/div>\n\t\n\n\t\t<\/div>\n\t\t\t\t\t<\/div>\n\n\t\n\n\t<div id=\"col-1600607655\" class=\"col medium-4 small-12 large-4\"  >\n\t\t\t\t<div class=\"col-inner\"  >\n\t\t\t\n\t\t\t\n\n\t<div class=\"box has-hover   has-hover box-text-bottom\" >\n\n\t\t<div class=\"box-image\" >\n\t\t\t<a href=\"https:\/\/zk-systems.fr\/index.php\/savoir-faire\/industrialisation-2\/\" >\t\t\t<div class=\"\" >\n\t\t\t\t<img loading=\"lazy\" decoding=\"async\" width=\"1024\" height=\"1024\" src=\"https:\/\/zk-systems.fr\/wp-content\/uploads\/2025\/06\/Industrialisation.2.jpg\" class=\"attachment- size-\" alt=\"R\u00e9union d\u2019\u00e9quipe en ing\u00e9nierie industrielle autour de plans techniques, avec vue sur un atelier de fabrication en arri\u00e8re-plan\" srcset=\"https:\/\/zk-systems.fr\/wp-content\/uploads\/2025\/06\/Industrialisation.2.jpg 1024w, https:\/\/zk-systems.fr\/wp-content\/uploads\/2025\/06\/Industrialisation.2-300x300.jpg 300w, https:\/\/zk-systems.fr\/wp-content\/uploads\/2025\/06\/Industrialisation.2-150x150.jpg 150w, https:\/\/zk-systems.fr\/wp-content\/uploads\/2025\/06\/Industrialisation.2-768x768.jpg 768w\" sizes=\"auto, (max-width: 1024px) 100vw, 1024px\" \/>\t\t\t\t\t\t\t\t\t\t\t<\/div>\n\t\t\t<\/a>\t\t<\/div>\n\n\t\t<div class=\"box-text text-center\" >\n\t\t\t<div class=\"box-text-inner\">\n\t\t\t\t\n\n<h3>Industrialisation<\/h3>\n\n\t\t\t<\/div>\n\t\t<\/div>\n\t<\/div>\n\t\n\n\t\t<\/div>\n\t\t\t\t\t<\/div>\n\n\t\n\n\t<div id=\"col-1775678738\" class=\"col medium-4 small-12 large-4\"  >\n\t\t\t\t<div class=\"col-inner\"  >\n\t\t\t\n\t\t\t\n\n\t<div class=\"box has-hover   has-hover box-text-bottom\" >\n\n\t\t<div class=\"box-image\" >\n\t\t\t<a href=\"https:\/\/zk-systems.fr\/index.php\/savoir-faire\/production-2\/\" >\t\t\t<div class=\"image-cover\" style=\"padding-top:100%;\">\n\t\t\t\t<img loading=\"lazy\" decoding=\"async\" width=\"2000\" height=\"1333\" src=\"https:\/\/zk-systems.fr\/wp-content\/uploads\/2025\/05\/Panneau-electrique-automatise-scaled.jpg\" class=\"attachment-original size-original\" alt=\"Grand panneau \u00e9lectrique automatis\u00e9 avec modules de contr\u00f4le, rang\u00e9es de disjoncteurs et borniers de c\u00e2blage industriel.\" srcset=\"https:\/\/zk-systems.fr\/wp-content\/uploads\/2025\/05\/Panneau-electrique-automatise-scaled.jpg 2000w, https:\/\/zk-systems.fr\/wp-content\/uploads\/2025\/05\/Panneau-electrique-automatise-300x200.jpg 300w, https:\/\/zk-systems.fr\/wp-content\/uploads\/2025\/05\/Panneau-electrique-automatise-1024x683.jpg 1024w, https:\/\/zk-systems.fr\/wp-content\/uploads\/2025\/05\/Panneau-electrique-automatise-768x512.jpg 768w, https:\/\/zk-systems.fr\/wp-content\/uploads\/2025\/05\/Panneau-electrique-automatise-1536x1024.jpg 1536w, https:\/\/zk-systems.fr\/wp-content\/uploads\/2025\/05\/Panneau-electrique-automatise-2048x1365.jpg 2048w\" sizes=\"auto, (max-width: 2000px) 100vw, 2000px\" \/>\t\t\t\t\t\t\t\t\t\t\t<\/div>\n\t\t\t<\/a>\t\t<\/div>\n\n\t\t<div class=\"box-text text-center\" >\n\t\t\t<div class=\"box-text-inner\">\n\t\t\t\t\n\n<h3>Production<\/h3>\n\n\t\t\t<\/div>\n\t\t<\/div>\n\t<\/div>\n\t\n\n\t\t<\/div>\n\t\t\t\t\t<\/div>\n\n\t\n\n<\/div>\n<div class=\"row\"  id=\"row-1753129549\">\n\n\n\t<div id=\"col-561198048\" class=\"col medium-4 small-12 large-4\"  >\n\t\t\t\t<div class=\"col-inner\"  >\n\t\t\t\n\t\t\t\n\n\t<div class=\"box has-hover   has-hover box-text-bottom\" >\n\n\t\t<div class=\"box-image\" >\n\t\t\t<a href=\"https:\/\/zk-systems.fr\/index.php\/savoir-faire\/maintenance-mco-2\/\" >\t\t\t<div class=\"image-cover\" style=\"padding-top:100%;\">\n\t\t\t\t<img loading=\"lazy\" decoding=\"async\" width=\"1536\" height=\"1024\" src=\"https:\/\/zk-systems.fr\/wp-content\/uploads\/2025\/06\/Maintenance-MCO.1.jpg\" class=\"attachment- size-\" alt=\"Fourgon de maintenance ouvert devant une station conteneuris\u00e9e, \u00e9quip\u00e9 d\u2019un poste de diagnostic et de rangements pour les outils de contr\u00f4le.\" srcset=\"https:\/\/zk-systems.fr\/wp-content\/uploads\/2025\/06\/Maintenance-MCO.1.jpg 1536w, https:\/\/zk-systems.fr\/wp-content\/uploads\/2025\/06\/Maintenance-MCO.1-300x200.jpg 300w, https:\/\/zk-systems.fr\/wp-content\/uploads\/2025\/06\/Maintenance-MCO.1-1024x683.jpg 1024w, https:\/\/zk-systems.fr\/wp-content\/uploads\/2025\/06\/Maintenance-MCO.1-768x512.jpg 768w\" sizes=\"auto, (max-width: 1536px) 100vw, 1536px\" \/>\t\t\t\t\t\t\t\t\t\t\t<\/div>\n\t\t\t<\/a>\t\t<\/div>\n\n\t\t<div class=\"box-text text-center\" >\n\t\t\t<div class=\"box-text-inner\">\n\t\t\t\t\n\n<h3>Maintenance \/ MCO<\/h3>\n\n\t\t\t<\/div>\n\t\t<\/div>\n\t<\/div>\n\t\n\n\t\t<\/div>\n\t\t\t\t\t<\/div>\n\n\t\n\n<\/div>\n\n\t\t<\/div>\n\t\t\t\t\t<\/div>\n\n\t\n\n<\/div>\n\n\t\t<\/div>\n\n\t\t\n<style>\n#section_503183635 {\n  padding-top: 20px;\n  padding-bottom: 20px;\n  background-color: rgb(244, 244, 244);\n}\n<\/style>\n\t<\/section>\n\t\n\n","protected":false},"excerpt":{"rendered":"","protected":false},"author":9,"featured_media":0,"parent":0,"menu_order":0,"comment_status":"closed","ping_status":"closed","template":"","meta":{"footnotes":""},"class_list":["post-235","page","type-page","status-publish","hentry"],"yoast_head":"<!-- This site is optimized with the Yoast SEO plugin v27.4 - https:\/\/yoast.com\/product\/yoast-seo-wordpress\/ -->\n<title>Savoir faire - ZK-Systems<\/title>\n<meta name=\"description\" content=\"D\u00e9couvrez l\u2019expertise de ZK-Syst\u00e8me dans l\u2019int\u00e9gration de solutions technologiques. Forts de notre exp\u00e9rience, nous mettons en \u0153uvre des comp\u00e9tences pointues en conception, industrialisation et int\u00e9gration pour r\u00e9pondre \u00e0 vos besoins sp\u00e9cifiques en mati\u00e8re d&#039;\u00e9nergie et de communication.\" \/>\n<meta name=\"robots\" content=\"index, follow, max-snippet:-1, max-image-preview:large, max-video-preview:-1\" \/>\n<link rel=\"canonical\" href=\"https:\/\/zk-systems.fr\/index.php\/savoir-faire\/\" \/>\n<meta property=\"og:locale\" content=\"fr_FR\" \/>\n<meta property=\"og:type\" content=\"article\" \/>\n<meta property=\"og:title\" content=\"Savoir faire - ZK-Systems\" \/>\n<meta property=\"og:description\" content=\"D\u00e9couvrez l\u2019expertise de ZK-Syst\u00e8me dans l\u2019int\u00e9gration de solutions technologiques. Forts de notre exp\u00e9rience, nous mettons en \u0153uvre des comp\u00e9tences pointues en conception, industrialisation et int\u00e9gration pour r\u00e9pondre \u00e0 vos besoins sp\u00e9cifiques en mati\u00e8re d&#039;\u00e9nergie et de communication.\" \/>\n<meta property=\"og:url\" content=\"https:\/\/zk-systems.fr\/index.php\/savoir-faire\/\" \/>\n<meta property=\"og:site_name\" content=\"ZK-Systems\" \/>\n<meta property=\"article:modified_time\" content=\"2025-06-16T18:48:45+00:00\" \/>\n<meta name=\"twitter:card\" content=\"summary_large_image\" \/>\n<meta name=\"twitter:label1\" content=\"Dur\u00e9e de lecture estim\u00e9e\" \/>\n\t<meta name=\"twitter:data1\" content=\"3 minutes\" \/>\n<script type=\"application\/ld+json\" class=\"yoast-schema-graph\">{\"@context\":\"https:\\\/\\\/schema.org\",\"@graph\":[{\"@type\":\"WebPage\",\"@id\":\"https:\\\/\\\/zk-systems.fr\\\/index.php\\\/savoir-faire\\\/\",\"url\":\"https:\\\/\\\/zk-systems.fr\\\/index.php\\\/savoir-faire\\\/\",\"name\":\"Savoir faire - ZK-Systems\",\"isPartOf\":{\"@id\":\"https:\\\/\\\/zk-systems.fr\\\/#website\"},\"datePublished\":\"2023-02-23T08:23:43+00:00\",\"dateModified\":\"2025-06-16T18:48:45+00:00\",\"description\":\"D\u00e9couvrez l\u2019expertise de ZK-Syst\u00e8me dans l\u2019int\u00e9gration de solutions technologiques. Forts de notre exp\u00e9rience, nous mettons en \u0153uvre des comp\u00e9tences pointues en conception, industrialisation et int\u00e9gration pour r\u00e9pondre \u00e0 vos besoins sp\u00e9cifiques en mati\u00e8re d'\u00e9nergie et de communication.\",\"breadcrumb\":{\"@id\":\"https:\\\/\\\/zk-systems.fr\\\/index.php\\\/savoir-faire\\\/#breadcrumb\"},\"inLanguage\":\"fr-FR\",\"potentialAction\":[{\"@type\":\"ReadAction\",\"target\":[\"https:\\\/\\\/zk-systems.fr\\\/index.php\\\/savoir-faire\\\/\"]}]},{\"@type\":\"BreadcrumbList\",\"@id\":\"https:\\\/\\\/zk-systems.fr\\\/index.php\\\/savoir-faire\\\/#breadcrumb\",\"itemListElement\":[{\"@type\":\"ListItem\",\"position\":1,\"name\":\"Accueil\",\"item\":\"https:\\\/\\\/zk-systems.fr\\\/\"},{\"@type\":\"ListItem\",\"position\":2,\"name\":\"Savoir faire\"}]},{\"@type\":\"WebSite\",\"@id\":\"https:\\\/\\\/zk-systems.fr\\\/#website\",\"url\":\"https:\\\/\\\/zk-systems.fr\\\/\",\"name\":\"ZK-Systems\",\"description\":\"Votre Int\u00e9grateur de Solutions\",\"potentialAction\":[{\"@type\":\"SearchAction\",\"target\":{\"@type\":\"EntryPoint\",\"urlTemplate\":\"https:\\\/\\\/zk-systems.fr\\\/?s={search_term_string}\"},\"query-input\":{\"@type\":\"PropertyValueSpecification\",\"valueRequired\":true,\"valueName\":\"search_term_string\"}}],\"inLanguage\":\"fr-FR\"}]}<\/script>\n<!-- \/ Yoast SEO plugin. -->","yoast_head_json":{"title":"Savoir faire - ZK-Systems","description":"D\u00e9couvrez l\u2019expertise de ZK-Syst\u00e8me dans l\u2019int\u00e9gration de solutions technologiques. Forts de notre exp\u00e9rience, nous mettons en \u0153uvre des comp\u00e9tences pointues en conception, industrialisation et int\u00e9gration pour r\u00e9pondre \u00e0 vos besoins sp\u00e9cifiques en mati\u00e8re d'\u00e9nergie et de communication.","robots":{"index":"index","follow":"follow","max-snippet":"max-snippet:-1","max-image-preview":"max-image-preview:large","max-video-preview":"max-video-preview:-1"},"canonical":"https:\/\/zk-systems.fr\/index.php\/savoir-faire\/","og_locale":"fr_FR","og_type":"article","og_title":"Savoir faire - ZK-Systems","og_description":"D\u00e9couvrez l\u2019expertise de ZK-Syst\u00e8me dans l\u2019int\u00e9gration de solutions technologiques. Forts de notre exp\u00e9rience, nous mettons en \u0153uvre des comp\u00e9tences pointues en conception, industrialisation et int\u00e9gration pour r\u00e9pondre \u00e0 vos besoins sp\u00e9cifiques en mati\u00e8re d'\u00e9nergie et de communication.","og_url":"https:\/\/zk-systems.fr\/index.php\/savoir-faire\/","og_site_name":"ZK-Systems","article_modified_time":"2025-06-16T18:48:45+00:00","twitter_card":"summary_large_image","twitter_misc":{"Dur\u00e9e de lecture estim\u00e9e":"3 minutes"},"schema":{"@context":"https:\/\/schema.org","@graph":[{"@type":"WebPage","@id":"https:\/\/zk-systems.fr\/index.php\/savoir-faire\/","url":"https:\/\/zk-systems.fr\/index.php\/savoir-faire\/","name":"Savoir faire - ZK-Systems","isPartOf":{"@id":"https:\/\/zk-systems.fr\/#website"},"datePublished":"2023-02-23T08:23:43+00:00","dateModified":"2025-06-16T18:48:45+00:00","description":"D\u00e9couvrez l\u2019expertise de ZK-Syst\u00e8me dans l\u2019int\u00e9gration de solutions technologiques. Forts de notre exp\u00e9rience, nous mettons en \u0153uvre des comp\u00e9tences pointues en conception, industrialisation et int\u00e9gration pour r\u00e9pondre \u00e0 vos besoins sp\u00e9cifiques en mati\u00e8re d'\u00e9nergie et de communication.","breadcrumb":{"@id":"https:\/\/zk-systems.fr\/index.php\/savoir-faire\/#breadcrumb"},"inLanguage":"fr-FR","potentialAction":[{"@type":"ReadAction","target":["https:\/\/zk-systems.fr\/index.php\/savoir-faire\/"]}]},{"@type":"BreadcrumbList","@id":"https:\/\/zk-systems.fr\/index.php\/savoir-faire\/#breadcrumb","itemListElement":[{"@type":"ListItem","position":1,"name":"Accueil","item":"https:\/\/zk-systems.fr\/"},{"@type":"ListItem","position":2,"name":"Savoir faire"}]},{"@type":"WebSite","@id":"https:\/\/zk-systems.fr\/#website","url":"https:\/\/zk-systems.fr\/","name":"ZK-Systems","description":"Votre Int\u00e9grateur de Solutions","potentialAction":[{"@type":"SearchAction","target":{"@type":"EntryPoint","urlTemplate":"https:\/\/zk-systems.fr\/?s={search_term_string}"},"query-input":{"@type":"PropertyValueSpecification","valueRequired":true,"valueName":"search_term_string"}}],"inLanguage":"fr-FR"}]}},"_links":{"self":[{"href":"https:\/\/zk-systems.fr\/index.php\/wp-json\/wp\/v2\/pages\/235","targetHints":{"allow":["GET"]}}],"collection":[{"href":"https:\/\/zk-systems.fr\/index.php\/wp-json\/wp\/v2\/pages"}],"about":[{"href":"https:\/\/zk-systems.fr\/index.php\/wp-json\/wp\/v2\/types\/page"}],"author":[{"embeddable":true,"href":"https:\/\/zk-systems.fr\/index.php\/wp-json\/wp\/v2\/users\/9"}],"replies":[{"embeddable":true,"href":"https:\/\/zk-systems.fr\/index.php\/wp-json\/wp\/v2\/comments?post=235"}],"version-history":[{"count":49,"href":"https:\/\/zk-systems.fr\/index.php\/wp-json\/wp\/v2\/pages\/235\/revisions"}],"predecessor-version":[{"id":1373,"href":"https:\/\/zk-systems.fr\/index.php\/wp-json\/wp\/v2\/pages\/235\/revisions\/1373"}],"wp:attachment":[{"href":"https:\/\/zk-systems.fr\/index.php\/wp-json\/wp\/v2\/media?parent=235"}],"curies":[{"name":"wp","href":"https:\/\/api.w.org\/{rel}","templated":true}]}}