{"id":1043,"date":"2025-05-26T16:24:01","date_gmt":"2025-05-26T14:24:01","guid":{"rendered":"https:\/\/zk-systems.fr\/?page_id=1043"},"modified":"2025-06-16T20:48:18","modified_gmt":"2025-06-16T18:48:18","slug":"nos-marches","status":"publish","type":"page","link":"https:\/\/zk-systems.fr\/index.php\/nos-marches\/","title":{"rendered":"Nos March\u00e9s"},"content":{"rendered":"\n\t<section class=\"section has-parallax\" id=\"section_1400723886\">\n\t\t<div class=\"bg section-bg fill bg-fill  \" data-parallax-container=\".section\" data-parallax-background data-parallax=\"-7\">\n\n\t\t\t\n\t\t\t<div class=\"section-bg-overlay absolute fill\"><\/div>\n\t\t\t\n\n\t\t<\/div>\n\n\t\t\n\n\t\t<div class=\"section-content relative\">\n\t\t\t\n\n<div class=\"row\"  id=\"row-282677798\">\n\n\n\t<div id=\"col-2040447679\" class=\"col small-12 large-12\"  >\n\t\t\t\t<div class=\"col-inner\"  >\n\t\t\t\n\t\t\t\n\n\t<div id=\"text-2292179817\" class=\"text\">\n\t\t\n\n<h1 class=\"uppercase\">Nos March\u00e9s<\/h1>\n\t\t\n<style>\n#text-2292179817 {\n  font-size: 2rem;\n  text-align: center;\n  color: rgb(255,255,255);\n}\n#text-2292179817 > * {\n  color: rgb(255,255,255);\n}\n<\/style>\n\t<\/div>\n\t\n\n\t\t<\/div>\n\t\t\t\t\t<\/div>\n\n\t\n\n<\/div>\n\n\t\t<\/div>\n\n\t\t\n<style>\n#section_1400723886 {\n  padding-top: 30px;\n  padding-bottom: 30px;\n  min-height: 350px;\n}\n#section_1400723886 .section-bg-overlay {\n  background-color: rgba(0, 0, 0, 0.273);\n}\n#section_1400723886 .section-bg.bg-loaded {\n  background-image: url(https:\/\/zk-systems.fr\/wp-content\/uploads\/2025\/05\/ZK-SYSTEMS-Marches-scaled.jpg);\n}\n#section_1400723886 .section-bg {\n  background-position: 21% 100%;\n}\n@media (min-width:550px) {\n  #section_1400723886 {\n    min-height: 450px;\n  }\n}\n@media (min-width:850px) {\n  #section_1400723886 {\n    min-height: 500px;\n  }\n}\n<\/style>\n\t<\/section>\n\t\n\t<section class=\"section\" id=\"section_1719010134\">\n\t\t<div class=\"bg section-bg fill bg-fill  bg-loaded\" >\n\n\t\t\t\n\t\t\t\n\t\t\t\n\n\t\t<\/div>\n\n\t\t\n\n\t\t<div class=\"section-content relative\">\n\t\t\t\n\n<div class=\"row align-middle align-center\"  id=\"row-56383307\">\n\n\n\t<div id=\"col-155804858\" class=\"col small-12 large-12\"  >\n\t\t\t\t<div class=\"col-inner\"  >\n\t\t\t\n\t\t\t\n\n\t<div id=\"text-2079239282\" class=\"text\">\n\t\t\n\n<h2>Chez ZK-SYSTEMS, nous concevons, fabriquons et int\u00e9grons des solutions m\u00e9catroniques sur mesure, r\u00e9pondant aux besoins d\u2019infrastructures techniques complexes et critiques.<\/h2>\n\t\t\n<style>\n#text-2079239282 {\n  line-height: 1.15;\n}\n<\/style>\n\t<\/div>\n\t\n\n\t\t<\/div>\n\t\t\t\t\t<\/div>\n\n\t\n\n<\/div>\n\n\t\t<\/div>\n\n\t\t\n<style>\n#section_1719010134 {\n  padding-top: 30px;\n  padding-bottom: 30px;\n  background-color: rgb(239, 239, 239);\n}\n<\/style>\n\t<\/section>\n\t\n\t<section class=\"section\" id=\"section_1835036701\">\n\t\t<div class=\"bg section-bg fill bg-fill  bg-loaded\" >\n\n\t\t\t\n\t\t\t\n\t\t\t\n\n\t\t<\/div>\n\n\t\t\n\n\t\t<div class=\"section-content relative\">\n\t\t\t\n\n<div class=\"row align-middle align-center\"  id=\"row-306837569\">\n\n\n\t<div id=\"col-412538528\" class=\"col small-12 large-12\"  >\n\t\t\t\t<div class=\"col-inner\"  >\n\t\t\t\n\t\t\t\n\n\t<div id=\"text-3377404417\" class=\"text\">\n\t\t\n\n<h3>Expertise M\u00e9catronique au Service de Vos Besoins<\/h3>\n<p>Notre expertise couvre une large gamme de syst\u00e8mes : armoires, baies, racks, coffrets, conteneurs techniques\u2026 tous con\u00e7us pour garantir performance, fiabilit\u00e9 et int\u00e9gration optimale dans des environnements exigeants.<\/p>\n<p data-start=\"552\" data-end=\"851\">Gr\u00e2ce \u00e0 une approche modulable et industrielle, nous accompagnons nos clients dans la mise en \u0153uvre de leurs \u00e9quipements techniques, qu\u2019ils soient fixes ou mobiles, en assurant l\u2019int\u00e9gration des fonctions \u00e9lectriques, \u00e9lectroniques, thermiques et structurelles n\u00e9cessaires \u00e0 leur bon fonctionnement.<\/p>\n\t\t\n<style>\n#text-3377404417 {\n  line-height: 1.15;\n}\n<\/style>\n\t<\/div>\n\t\n\n\t\t<\/div>\n\t\t\t\t\t<\/div>\n\n\t\n\n<\/div>\n<div class=\"row row-box-shadow-3 row-box-shadow-5-hover\"  id=\"row-60392654\">\n\n\n\t<div id=\"col-996543756\" class=\"col medium-4 small-12 large-4\"  >\n\t\t\t\t<div class=\"col-inner\"  >\n\t\t\t\n\t\t\t\n\n\t<div class=\"box has-hover   has-hover box-text-bottom\" >\n\n\t\t<div class=\"box-image\" >\n\t\t\t\t\t\t<div class=\"\" >\n\t\t\t\t<img loading=\"lazy\" decoding=\"async\" width=\"1280\" height=\"853\" src=\"https:\/\/zk-systems.fr\/wp-content\/uploads\/2025\/05\/Aeronautique.1.jpg\" class=\"attachment- size-\" alt=\"A\u00e9ronautique - Nos March\u00e9s - ZK-Systems - Groupe ZeKat\" srcset=\"https:\/\/zk-systems.fr\/wp-content\/uploads\/2025\/05\/Aeronautique.1.jpg 1280w, https:\/\/zk-systems.fr\/wp-content\/uploads\/2025\/05\/Aeronautique.1-300x200.jpg 300w, https:\/\/zk-systems.fr\/wp-content\/uploads\/2025\/05\/Aeronautique.1-1024x682.jpg 1024w, https:\/\/zk-systems.fr\/wp-content\/uploads\/2025\/05\/Aeronautique.1-768x512.jpg 768w\" sizes=\"auto, (max-width: 1280px) 100vw, 1280px\" \/>\t\t\t\t\t\t\t\t\t\t\t<\/div>\n\t\t\t\t\t<\/div>\n\n\t\t<div class=\"box-text text-center\" >\n\t\t\t<div class=\"box-text-inner\">\n\t\t\t\t\n\n<h4>D\u00e9fense &#8211; A\u00e9ronautique<\/h4>\n\n\t\t\t<\/div>\n\t\t<\/div>\n\t<\/div>\n\t\n\n\t\t<\/div>\n\t\t\t\t\t<\/div>\n\n\t\n\n\t<div id=\"col-1703421116\" class=\"col medium-4 small-12 large-4\"  >\n\t\t\t\t<div class=\"col-inner\"  >\n\t\t\t\n\t\t\t\n\n\t<div class=\"box has-hover   has-hover box-text-bottom\" >\n\n\t\t<div class=\"box-image\" >\n\t\t\t\t\t\t<div class=\"\" >\n\t\t\t\t<img loading=\"lazy\" decoding=\"async\" width=\"2000\" height=\"1333\" src=\"https:\/\/zk-systems.fr\/wp-content\/uploads\/2025\/05\/Data-Center-scaled.jpg\" class=\"attachment- size-\" alt=\"Data Center - Nos March\u00e9s - ZK-SYSTEMS - Groupe ZeKat\" srcset=\"https:\/\/zk-systems.fr\/wp-content\/uploads\/2025\/05\/Data-Center-scaled.jpg 2000w, https:\/\/zk-systems.fr\/wp-content\/uploads\/2025\/05\/Data-Center-300x200.jpg 300w, https:\/\/zk-systems.fr\/wp-content\/uploads\/2025\/05\/Data-Center-1024x683.jpg 1024w, https:\/\/zk-systems.fr\/wp-content\/uploads\/2025\/05\/Data-Center-768x512.jpg 768w, https:\/\/zk-systems.fr\/wp-content\/uploads\/2025\/05\/Data-Center-1536x1024.jpg 1536w, https:\/\/zk-systems.fr\/wp-content\/uploads\/2025\/05\/Data-Center-2048x1365.jpg 2048w\" sizes=\"auto, (max-width: 2000px) 100vw, 2000px\" \/>\t\t\t\t\t\t\t\t\t\t\t<\/div>\n\t\t\t\t\t<\/div>\n\n\t\t<div class=\"box-text text-center\" >\n\t\t\t<div class=\"box-text-inner\">\n\t\t\t\t\n\n<h4>Data Center<\/h4>\n\n\t\t\t<\/div>\n\t\t<\/div>\n\t<\/div>\n\t\n\n\t\t<\/div>\n\t\t\t\t\t<\/div>\n\n\t\n\n\t<div id=\"col-84535957\" class=\"col medium-4 small-12 large-4\"  >\n\t\t\t\t<div class=\"col-inner\"  >\n\t\t\t\n\t\t\t\n\n\t<div class=\"box has-hover   has-hover box-text-bottom\" >\n\n\t\t<div class=\"box-image\" >\n\t\t\t\t\t\t<div class=\"\" >\n\t\t\t\t<img loading=\"lazy\" decoding=\"async\" width=\"612\" height=\"408\" src=\"https:\/\/zk-systems.fr\/wp-content\/uploads\/2025\/05\/Industrie.jpg\" class=\"attachment- size-\" alt=\"Industrie - Nos March\u00e9s - ZK-Systems - Groupe Zekat\" srcset=\"https:\/\/zk-systems.fr\/wp-content\/uploads\/2025\/05\/Industrie.jpg 612w, https:\/\/zk-systems.fr\/wp-content\/uploads\/2025\/05\/Industrie-300x200.jpg 300w\" sizes=\"auto, (max-width: 612px) 100vw, 612px\" \/>\t\t\t\t\t\t\t\t\t\t\t<\/div>\n\t\t\t\t\t<\/div>\n\n\t\t<div class=\"box-text text-center\" >\n\t\t\t<div class=\"box-text-inner\">\n\t\t\t\t\n\n<h4>Industries<\/h4>\n\n\t\t\t<\/div>\n\t\t<\/div>\n\t<\/div>\n\t\n\n\t\t<\/div>\n\t\t\t\t\t<\/div>\n\n\t\n\n<\/div>\n<div class=\"row row-box-shadow-3 row-box-shadow-5-hover\"  id=\"row-147675668\">\n\n\n\t<div id=\"col-1716127774\" class=\"col medium-4 small-12 large-4\"  >\n\t\t\t\t<div class=\"col-inner\"  >\n\t\t\t\n\t\t\t\n\n\t<div class=\"box has-hover   has-hover box-text-bottom\" >\n\n\t\t<div class=\"box-image\" >\n\t\t\t\t\t\t<div class=\"\" >\n\t\t\t\t<img loading=\"lazy\" decoding=\"async\" width=\"2000\" height=\"1333\" src=\"https:\/\/zk-systems.fr\/wp-content\/uploads\/2025\/05\/Energies-renouvelables-scaled.jpg\" class=\"attachment- size-\" alt=\"Energies renouvelables - Nos March\u00e9s - ZK-Systems - Groupe Zekat\" srcset=\"https:\/\/zk-systems.fr\/wp-content\/uploads\/2025\/05\/Energies-renouvelables-scaled.jpg 2000w, https:\/\/zk-systems.fr\/wp-content\/uploads\/2025\/05\/Energies-renouvelables-300x200.jpg 300w, https:\/\/zk-systems.fr\/wp-content\/uploads\/2025\/05\/Energies-renouvelables-1024x683.jpg 1024w, https:\/\/zk-systems.fr\/wp-content\/uploads\/2025\/05\/Energies-renouvelables-768x512.jpg 768w, https:\/\/zk-systems.fr\/wp-content\/uploads\/2025\/05\/Energies-renouvelables-1536x1024.jpg 1536w, https:\/\/zk-systems.fr\/wp-content\/uploads\/2025\/05\/Energies-renouvelables-2048x1365.jpg 2048w\" sizes=\"auto, (max-width: 2000px) 100vw, 2000px\" \/>\t\t\t\t\t\t\t\t\t\t\t<\/div>\n\t\t\t\t\t<\/div>\n\n\t\t<div class=\"box-text text-center\" >\n\t\t\t<div class=\"box-text-inner\">\n\t\t\t\t\n\n<h4>\u00c9nergies &#8211; Environnement<\/h4>\n\n\t\t\t<\/div>\n\t\t<\/div>\n\t<\/div>\n\t\n\n\t\t<\/div>\n\t\t\t\t\t<\/div>\n\n\t\n\n\t<div id=\"col-876902651\" class=\"col medium-4 small-12 large-4\"  >\n\t\t\t\t<div class=\"col-inner\"  >\n\t\t\t\n\t\t\t\n\n\t<div class=\"box has-hover   has-hover box-text-bottom\" >\n\n\t\t<div class=\"box-image\" >\n\t\t\t\t\t\t<div class=\"\" >\n\t\t\t\t<img loading=\"lazy\" decoding=\"async\" width=\"1920\" height=\"1280\" src=\"https:\/\/zk-systems.fr\/wp-content\/uploads\/2025\/05\/Ferroviaire.jpg\" class=\"attachment- size-\" alt=\"Ferroviaire - Nos March\u00e9s - ZK-Systems - Groupe ZeKat\" srcset=\"https:\/\/zk-systems.fr\/wp-content\/uploads\/2025\/05\/Ferroviaire.jpg 1920w, https:\/\/zk-systems.fr\/wp-content\/uploads\/2025\/05\/Ferroviaire-300x200.jpg 300w, https:\/\/zk-systems.fr\/wp-content\/uploads\/2025\/05\/Ferroviaire-1024x683.jpg 1024w, https:\/\/zk-systems.fr\/wp-content\/uploads\/2025\/05\/Ferroviaire-768x512.jpg 768w, https:\/\/zk-systems.fr\/wp-content\/uploads\/2025\/05\/Ferroviaire-1536x1024.jpg 1536w\" sizes=\"auto, (max-width: 1920px) 100vw, 1920px\" \/>\t\t\t\t\t\t\t\t\t\t\t<\/div>\n\t\t\t\t\t<\/div>\n\n\t\t<div class=\"box-text text-center\" >\n\t\t\t<div class=\"box-text-inner\">\n\t\t\t\t\n\n<h4>Transports &#8211; Mobilit\u00e9<\/h4>\n\n\t\t\t<\/div>\n\t\t<\/div>\n\t<\/div>\n\t\n\n\t\t<\/div>\n\t\t\t\t\t<\/div>\n\n\t\n\n\t<div id=\"col-1819272043\" class=\"col medium-4 small-12 large-4\"  >\n\t\t\t\t<div class=\"col-inner\"  >\n\t\t\t\n\t\t\t\n\n\t<div class=\"box has-hover   has-hover box-text-bottom\" >\n\n\t\t<div class=\"box-image\" >\n\t\t\t\t\t\t<div class=\"\" >\n\t\t\t\t<img loading=\"lazy\" decoding=\"async\" width=\"960\" height=\"640\" src=\"https:\/\/zk-systems.fr\/wp-content\/uploads\/2025\/05\/Communication.jpg\" class=\"attachment- size-\" alt=\"T\u00e9l\u00e9communication - Nos March\u00e9s - ZK-SYSTEMS - Groupe ZeKat\" srcset=\"https:\/\/zk-systems.fr\/wp-content\/uploads\/2025\/05\/Communication.jpg 960w, https:\/\/zk-systems.fr\/wp-content\/uploads\/2025\/05\/Communication-300x200.jpg 300w, https:\/\/zk-systems.fr\/wp-content\/uploads\/2025\/05\/Communication-768x512.jpg 768w\" sizes=\"auto, (max-width: 960px) 100vw, 960px\" \/>\t\t\t\t\t\t\t\t\t\t\t<\/div>\n\t\t\t\t\t<\/div>\n\n\t\t<div class=\"box-text text-center\" >\n\t\t\t<div class=\"box-text-inner\">\n\t\t\t\t\n\n<h4>T\u00e9l\u00e9communication<\/h4>\n\n\t\t\t<\/div>\n\t\t<\/div>\n\t<\/div>\n\t\n\n\t\t<\/div>\n\t\t\t\t\t<\/div>\n\n\t\n\n<\/div>\n\n\t\t<\/div>\n\n\t\t\n<style>\n#section_1835036701 {\n  padding-top: 30px;\n  padding-bottom: 30px;\n  background-color: rgb(255,255,255);\n}\n<\/style>\n\t<\/section>\n\t\n\n\n","protected":false},"excerpt":{"rendered":"","protected":false},"author":4,"featured_media":1052,"parent":0,"menu_order":0,"comment_status":"closed","ping_status":"closed","template":"","meta":{"footnotes":""},"class_list":["post-1043","page","type-page","status-publish","has-post-thumbnail","hentry"],"yoast_head":"<!-- This site is optimized with the Yoast SEO plugin v27.4 - https:\/\/yoast.com\/product\/yoast-seo-wordpress\/ -->\n<title>Nos March\u00e9s - ZK-Systems<\/title>\n<meta name=\"description\" content=\"Explorez les diff\u00e9rents march\u00e9s que ZK-SYSTEMS accompagne gr\u00e2ce \u00e0 son savoir-faire en m\u00e9catronique, int\u00e9gration syst\u00e8me et \u00e9quipements techniques sur mesure. D\u00e9couvrez comment nos solutions (armoires, baies, racks ou conteneurs) r\u00e9pondent aux exigences sp\u00e9cifiques de secteurs industriels, critiques et en constante \u00e9volution.\" \/>\n<meta name=\"robots\" content=\"index, follow, max-snippet:-1, max-image-preview:large, max-video-preview:-1\" \/>\n<link rel=\"canonical\" href=\"https:\/\/zk-systems.fr\/index.php\/nos-marches\/\" \/>\n<meta property=\"og:locale\" content=\"fr_FR\" \/>\n<meta property=\"og:type\" content=\"article\" \/>\n<meta property=\"og:title\" content=\"Nos March\u00e9s - ZK-Systems\" \/>\n<meta property=\"og:description\" content=\"Explorez les diff\u00e9rents march\u00e9s que ZK-SYSTEMS accompagne gr\u00e2ce \u00e0 son savoir-faire en m\u00e9catronique, int\u00e9gration syst\u00e8me et \u00e9quipements techniques sur mesure. D\u00e9couvrez comment nos solutions (armoires, baies, racks ou conteneurs) r\u00e9pondent aux exigences sp\u00e9cifiques de secteurs industriels, critiques et en constante \u00e9volution.\" \/>\n<meta property=\"og:url\" content=\"https:\/\/zk-systems.fr\/index.php\/nos-marches\/\" \/>\n<meta property=\"og:site_name\" content=\"ZK-Systems\" \/>\n<meta property=\"article:modified_time\" content=\"2025-06-16T18:48:18+00:00\" \/>\n<meta property=\"og:image\" content=\"https:\/\/zk-systems.fr\/wp-content\/uploads\/2025\/05\/ZK-SYSTEMS-Marches-scaled.jpg\" \/>\n\t<meta property=\"og:image:width\" content=\"2000\" \/>\n\t<meta property=\"og:image:height\" content=\"1121\" \/>\n\t<meta property=\"og:image:type\" content=\"image\/jpeg\" \/>\n<meta name=\"twitter:card\" content=\"summary_large_image\" \/>\n<meta name=\"twitter:label1\" content=\"Dur\u00e9e de lecture estim\u00e9e\" \/>\n\t<meta name=\"twitter:data1\" content=\"2 minutes\" \/>\n<script type=\"application\/ld+json\" class=\"yoast-schema-graph\">{\"@context\":\"https:\\\/\\\/schema.org\",\"@graph\":[{\"@type\":\"WebPage\",\"@id\":\"https:\\\/\\\/zk-systems.fr\\\/index.php\\\/nos-marches\\\/\",\"url\":\"https:\\\/\\\/zk-systems.fr\\\/index.php\\\/nos-marches\\\/\",\"name\":\"Nos March\u00e9s - ZK-Systems\",\"isPartOf\":{\"@id\":\"https:\\\/\\\/zk-systems.fr\\\/#website\"},\"primaryImageOfPage\":{\"@id\":\"https:\\\/\\\/zk-systems.fr\\\/index.php\\\/nos-marches\\\/#primaryimage\"},\"image\":{\"@id\":\"https:\\\/\\\/zk-systems.fr\\\/index.php\\\/nos-marches\\\/#primaryimage\"},\"thumbnailUrl\":\"https:\\\/\\\/zk-systems.fr\\\/wp-content\\\/uploads\\\/2025\\\/05\\\/ZK-SYSTEMS-Marches-scaled.jpg\",\"datePublished\":\"2025-05-26T14:24:01+00:00\",\"dateModified\":\"2025-06-16T18:48:18+00:00\",\"description\":\"Explorez les diff\u00e9rents march\u00e9s que ZK-SYSTEMS accompagne gr\u00e2ce \u00e0 son savoir-faire en m\u00e9catronique, int\u00e9gration syst\u00e8me et \u00e9quipements techniques sur mesure. D\u00e9couvrez comment nos solutions (armoires, baies, racks ou conteneurs) r\u00e9pondent aux exigences sp\u00e9cifiques de secteurs industriels, critiques et en constante \u00e9volution.\",\"breadcrumb\":{\"@id\":\"https:\\\/\\\/zk-systems.fr\\\/index.php\\\/nos-marches\\\/#breadcrumb\"},\"inLanguage\":\"fr-FR\",\"potentialAction\":[{\"@type\":\"ReadAction\",\"target\":[\"https:\\\/\\\/zk-systems.fr\\\/index.php\\\/nos-marches\\\/\"]}]},{\"@type\":\"ImageObject\",\"inLanguage\":\"fr-FR\",\"@id\":\"https:\\\/\\\/zk-systems.fr\\\/index.php\\\/nos-marches\\\/#primaryimage\",\"url\":\"https:\\\/\\\/zk-systems.fr\\\/wp-content\\\/uploads\\\/2025\\\/05\\\/ZK-SYSTEMS-Marches-scaled.jpg\",\"contentUrl\":\"https:\\\/\\\/zk-systems.fr\\\/wp-content\\\/uploads\\\/2025\\\/05\\\/ZK-SYSTEMS-Marches-scaled.jpg\",\"width\":2000,\"height\":1121,\"caption\":\"Baies - Data Center - Nos March\u00e9s - ZK-Systems - Groupe ZeKat\"},{\"@type\":\"BreadcrumbList\",\"@id\":\"https:\\\/\\\/zk-systems.fr\\\/index.php\\\/nos-marches\\\/#breadcrumb\",\"itemListElement\":[{\"@type\":\"ListItem\",\"position\":1,\"name\":\"Accueil\",\"item\":\"https:\\\/\\\/zk-systems.fr\\\/\"},{\"@type\":\"ListItem\",\"position\":2,\"name\":\"Nos March\u00e9s\"}]},{\"@type\":\"WebSite\",\"@id\":\"https:\\\/\\\/zk-systems.fr\\\/#website\",\"url\":\"https:\\\/\\\/zk-systems.fr\\\/\",\"name\":\"ZK-Systems\",\"description\":\"Votre Int\u00e9grateur de Solutions\",\"potentialAction\":[{\"@type\":\"SearchAction\",\"target\":{\"@type\":\"EntryPoint\",\"urlTemplate\":\"https:\\\/\\\/zk-systems.fr\\\/?s={search_term_string}\"},\"query-input\":{\"@type\":\"PropertyValueSpecification\",\"valueRequired\":true,\"valueName\":\"search_term_string\"}}],\"inLanguage\":\"fr-FR\"}]}<\/script>\n<!-- \/ Yoast SEO plugin. -->","yoast_head_json":{"title":"Nos March\u00e9s - ZK-Systems","description":"Explorez les diff\u00e9rents march\u00e9s que ZK-SYSTEMS accompagne gr\u00e2ce \u00e0 son savoir-faire en m\u00e9catronique, int\u00e9gration syst\u00e8me et \u00e9quipements techniques sur mesure. D\u00e9couvrez comment nos solutions (armoires, baies, racks ou conteneurs) r\u00e9pondent aux exigences sp\u00e9cifiques de secteurs industriels, critiques et en constante \u00e9volution.","robots":{"index":"index","follow":"follow","max-snippet":"max-snippet:-1","max-image-preview":"max-image-preview:large","max-video-preview":"max-video-preview:-1"},"canonical":"https:\/\/zk-systems.fr\/index.php\/nos-marches\/","og_locale":"fr_FR","og_type":"article","og_title":"Nos March\u00e9s - ZK-Systems","og_description":"Explorez les diff\u00e9rents march\u00e9s que ZK-SYSTEMS accompagne gr\u00e2ce \u00e0 son savoir-faire en m\u00e9catronique, int\u00e9gration syst\u00e8me et \u00e9quipements techniques sur mesure. D\u00e9couvrez comment nos solutions (armoires, baies, racks ou conteneurs) r\u00e9pondent aux exigences sp\u00e9cifiques de secteurs industriels, critiques et en constante \u00e9volution.","og_url":"https:\/\/zk-systems.fr\/index.php\/nos-marches\/","og_site_name":"ZK-Systems","article_modified_time":"2025-06-16T18:48:18+00:00","og_image":[{"width":2000,"height":1121,"url":"https:\/\/zk-systems.fr\/wp-content\/uploads\/2025\/05\/ZK-SYSTEMS-Marches-scaled.jpg","type":"image\/jpeg"}],"twitter_card":"summary_large_image","twitter_misc":{"Dur\u00e9e de lecture estim\u00e9e":"2 minutes"},"schema":{"@context":"https:\/\/schema.org","@graph":[{"@type":"WebPage","@id":"https:\/\/zk-systems.fr\/index.php\/nos-marches\/","url":"https:\/\/zk-systems.fr\/index.php\/nos-marches\/","name":"Nos March\u00e9s - ZK-Systems","isPartOf":{"@id":"https:\/\/zk-systems.fr\/#website"},"primaryImageOfPage":{"@id":"https:\/\/zk-systems.fr\/index.php\/nos-marches\/#primaryimage"},"image":{"@id":"https:\/\/zk-systems.fr\/index.php\/nos-marches\/#primaryimage"},"thumbnailUrl":"https:\/\/zk-systems.fr\/wp-content\/uploads\/2025\/05\/ZK-SYSTEMS-Marches-scaled.jpg","datePublished":"2025-05-26T14:24:01+00:00","dateModified":"2025-06-16T18:48:18+00:00","description":"Explorez les diff\u00e9rents march\u00e9s que ZK-SYSTEMS accompagne gr\u00e2ce \u00e0 son savoir-faire en m\u00e9catronique, int\u00e9gration syst\u00e8me et \u00e9quipements techniques sur mesure. D\u00e9couvrez comment nos solutions (armoires, baies, racks ou conteneurs) r\u00e9pondent aux exigences sp\u00e9cifiques de secteurs industriels, critiques et en constante \u00e9volution.","breadcrumb":{"@id":"https:\/\/zk-systems.fr\/index.php\/nos-marches\/#breadcrumb"},"inLanguage":"fr-FR","potentialAction":[{"@type":"ReadAction","target":["https:\/\/zk-systems.fr\/index.php\/nos-marches\/"]}]},{"@type":"ImageObject","inLanguage":"fr-FR","@id":"https:\/\/zk-systems.fr\/index.php\/nos-marches\/#primaryimage","url":"https:\/\/zk-systems.fr\/wp-content\/uploads\/2025\/05\/ZK-SYSTEMS-Marches-scaled.jpg","contentUrl":"https:\/\/zk-systems.fr\/wp-content\/uploads\/2025\/05\/ZK-SYSTEMS-Marches-scaled.jpg","width":2000,"height":1121,"caption":"Baies - Data Center - Nos March\u00e9s - ZK-Systems - Groupe ZeKat"},{"@type":"BreadcrumbList","@id":"https:\/\/zk-systems.fr\/index.php\/nos-marches\/#breadcrumb","itemListElement":[{"@type":"ListItem","position":1,"name":"Accueil","item":"https:\/\/zk-systems.fr\/"},{"@type":"ListItem","position":2,"name":"Nos March\u00e9s"}]},{"@type":"WebSite","@id":"https:\/\/zk-systems.fr\/#website","url":"https:\/\/zk-systems.fr\/","name":"ZK-Systems","description":"Votre Int\u00e9grateur de Solutions","potentialAction":[{"@type":"SearchAction","target":{"@type":"EntryPoint","urlTemplate":"https:\/\/zk-systems.fr\/?s={search_term_string}"},"query-input":{"@type":"PropertyValueSpecification","valueRequired":true,"valueName":"search_term_string"}}],"inLanguage":"fr-FR"}]}},"_links":{"self":[{"href":"https:\/\/zk-systems.fr\/index.php\/wp-json\/wp\/v2\/pages\/1043","targetHints":{"allow":["GET"]}}],"collection":[{"href":"https:\/\/zk-systems.fr\/index.php\/wp-json\/wp\/v2\/pages"}],"about":[{"href":"https:\/\/zk-systems.fr\/index.php\/wp-json\/wp\/v2\/types\/page"}],"author":[{"embeddable":true,"href":"https:\/\/zk-systems.fr\/index.php\/wp-json\/wp\/v2\/users\/4"}],"replies":[{"embeddable":true,"href":"https:\/\/zk-systems.fr\/index.php\/wp-json\/wp\/v2\/comments?post=1043"}],"version-history":[{"count":6,"href":"https:\/\/zk-systems.fr\/index.php\/wp-json\/wp\/v2\/pages\/1043\/revisions"}],"predecessor-version":[{"id":1372,"href":"https:\/\/zk-systems.fr\/index.php\/wp-json\/wp\/v2\/pages\/1043\/revisions\/1372"}],"wp:featuredmedia":[{"embeddable":true,"href":"https:\/\/zk-systems.fr\/index.php\/wp-json\/wp\/v2\/media\/1052"}],"wp:attachment":[{"href":"https:\/\/zk-systems.fr\/index.php\/wp-json\/wp\/v2\/media?parent=1043"}],"curies":[{"name":"wp","href":"https:\/\/api.w.org\/{rel}","templated":true}]}}